{"id":1268,"date":"2025-09-12T15:52:26","date_gmt":"2025-09-12T12:52:26","guid":{"rendered":"https:\/\/www.oonakaronen.fi\/?page_id=1268"},"modified":"2025-09-12T16:46:47","modified_gmt":"2025-09-12T13:46:47","slug":"elementor-1268","status":"publish","type":"page","link":"https:\/\/www.oonakaronen.fi\/?page_id=1268","title":{"rendered":"Markkinointiharjoittelija, Juvenes Oy"},"content":{"rendered":"\t\t<div data-elementor-type=\"wp-page\" data-elementor-id=\"1268\" class=\"elementor elementor-1268\">\n\t\t\t\t<div class=\"elementor-element elementor-element-c4bf9d7 e-flex e-con-boxed e-con e-parent\" data-id=\"c4bf9d7\" data-element_type=\"container\" data-e-type=\"container\">\n\t\t\t\t\t<div class=\"e-con-inner\">\n\t\t\t\t<div class=\"elementor-element elementor-element-b745dc5 elementor-widget elementor-widget-spacer\" data-id=\"b745dc5\" data-element_type=\"widget\" data-e-type=\"widget\" data-widget_type=\"spacer.default\">\n\t\t\t\t<div class=\"elementor-widget-container\">\n\t\t\t\t\t\t\t<div class=\"elementor-spacer\">\n\t\t\t<div class=\"elementor-spacer-inner\"><\/div>\n\t\t<\/div>\n\t\t\t\t\t\t<\/div>\n\t\t\t\t<\/div>\n\t\t\t\t\t<\/div>\n\t\t\t\t<\/div>\n\t\t<div class=\"elementor-element elementor-element-4bb71f27 e-flex e-con-boxed e-con e-parent\" data-id=\"4bb71f27\" data-element_type=\"container\" data-e-type=\"container\">\n\t\t\t\t\t<div class=\"e-con-inner\">\n\t\t\t\t<div class=\"elementor-element elementor-element-2b2b25f2 elementor-widget elementor-widget-image\" data-id=\"2b2b25f2\" data-element_type=\"widget\" data-e-type=\"widget\" data-widget_type=\"image.default\">\n\t\t\t\t<div class=\"elementor-widget-container\">\n\t\t\t\t\t\t\t\t\t\t\t\t\t\t\t<img fetchpriority=\"high\" decoding=\"async\" width=\"1024\" height=\"576\" src=\"https:\/\/www.oonakaronen.fi\/wp-content\/uploads\/2025\/09\/Juvenes.sivu_.png\" class=\"attachment-large size-large wp-image-1283\" alt=\"\" \/>\t\t\t\t\t\t\t\t\t\t\t\t\t\t\t<\/div>\n\t\t\t\t<\/div>\n\t\t\t\t<div class=\"elementor-element elementor-element-3b581602 elementor-widget elementor-widget-heading\" data-id=\"3b581602\" data-element_type=\"widget\" data-e-type=\"widget\" data-widget_type=\"heading.default\">\n\t\t\t\t<div class=\"elementor-widget-container\">\n\t\t\t\t\t<h3 class=\"elementor-heading-title elementor-size-default\">Markkinointiharjoittelija, Juvenes Oy (2025)<\/h3>\t\t\t\t<\/div>\n\t\t\t\t<\/div>\n\t\t\t\t<div class=\"elementor-element elementor-element-32aa421a elementor-widget elementor-widget-text-editor\" data-id=\"32aa421a\" data-element_type=\"widget\" data-e-type=\"widget\" data-widget_type=\"text-editor.default\">\n\t\t\t\t<div class=\"elementor-widget-container\">\n\t\t\t\t\t\t\t\t\t<h4>Ty\u00f6kalut:<\/h4><p>Microsoft Office, Teams, WordPress, Photoshop, Illustrator, Canva, Meta Business Suite<\/p><h4>Asiakas:<\/h4><p>Juvenes on suomalainen ravintolayritys, joka tarjoaa monipuolisia ravintola-, kahvila- ja catering-palveluja eri kohteissa ymp\u00e4ri Suomen.<\/p><h4>Suunnittelu ja toteutus:<\/h4><p data-start=\"314\" data-end=\"829\">Suoritin Juveneksella markkinointiharjoittelun helmikuusta maaliskuuhun 2025. Harjoittelun aikana avustin monipuolisissa markkinointiteht\u00e4viss\u00e4 ja tein tiivist\u00e4 yhteisty\u00f6t\u00e4 markkinointitiimin kanssa. P\u00e4\u00e4teht\u00e4viini kuului sis\u00e4ll\u00f6ntuotanto sosiaaliseen mediaan ja verkkosivuille sek\u00e4 br\u00e4ndin mukaisten markkinointimateriaalien suunnittelu ja tuotanto. Lis\u00e4ksi seurasin markkinointiin ja liiketoimintaan liittyvi\u00e4 prosesseja ja opin k\u00e4yt\u00e4nn\u00f6ss\u00e4, miten laaja-alaista markkinointity\u00f6 on.<\/p><p data-start=\"831\" data-end=\"1110\">Harjoittelun aikana kehityin erityisesti markkinointity\u00f6kalujen k\u00e4yt\u00f6ss\u00e4, datan seurannassa ja hakukoneoptimoinnissa. Konkreettisena saavutuksena yksi tuottamistani TikTok-videoista ker\u00e4si yli 23 000 n\u00e4ytt\u00f6kertaa, mik\u00e4 lis\u00e4si Juveneksen n\u00e4kyvyytt\u00e4 ja tavoitti laajasti yleis\u00f6\u00e4.<\/p><h4 data-start=\"831\" data-end=\"1110\">Esimerkkej\u00e4 tekemist\u00e4ni t\u00f6ist\u00e4:<\/h4><p><blockquote class=\"wp-embedded-content\" data-secret=\"jPquUPSkdp\"><a href=\"https:\/\/juvenes.fi\/juvenes-ja-lucaker-hanke-vastuullisen-ruuan-kampanja\/\">Juvenes ja LUKAKER-hanke: Vastuullisen ruuan kampanja<\/a><\/blockquote><iframe class=\"wp-embedded-content\" sandbox=\"allow-scripts\" security=\"restricted\" style=\"position: absolute; visibility: hidden;\" title=\"&#8221;Juvenes ja LUKAKER-hanke: Vastuullisen ruuan kampanja&#8221; &#8212; Juvenes\" src=\"https:\/\/juvenes.fi\/juvenes-ja-lucaker-hanke-vastuullisen-ruuan-kampanja\/embed\/#?secret=OPXX0E37Iw#?secret=jPquUPSkdp\" data-secret=\"jPquUPSkdp\" width=\"500\" height=\"282\" frameborder=\"0\" marginwidth=\"0\" marginheight=\"0\" scrolling=\"no\"><\/iframe><\/p><p><blockquote class=\"wp-embedded-content\" data-secret=\"bkfTT0vHuU\"><a href=\"https:\/\/juvenes.fi\/sesongin-herkut-maaliskuussa\/\">Sesongin herkut maaliskuussa!<\/a><\/blockquote><iframe class=\"wp-embedded-content\" sandbox=\"allow-scripts\" security=\"restricted\" style=\"position: absolute; visibility: hidden;\" title=\"&#8221;Sesongin herkut maaliskuussa!&#8221; &#8212; Juvenes\" src=\"https:\/\/juvenes.fi\/sesongin-herkut-maaliskuussa\/embed\/#?secret=CiCFJNtUzt#?secret=bkfTT0vHuU\" data-secret=\"bkfTT0vHuU\" width=\"500\" height=\"282\" frameborder=\"0\" marginwidth=\"0\" marginheight=\"0\" scrolling=\"no\"><\/iframe><\/p><p><blockquote class=\"wp-embedded-content\" data-secret=\"Lt3MuzIm0B\"><a href=\"https:\/\/juvenes.fi\/tilaa-kakku-helposti-juvenekselta\/\">Tilaa kakku helposti Juvenekselta!<\/a><\/blockquote><iframe class=\"wp-embedded-content\" sandbox=\"allow-scripts\" security=\"restricted\" style=\"position: absolute; visibility: hidden;\" title=\"&#8221;Tilaa kakku helposti Juvenekselta!&#8221; &#8212; Juvenes\" src=\"https:\/\/juvenes.fi\/tilaa-kakku-helposti-juvenekselta\/embed\/#?secret=e9kEyjEZzU#?secret=Lt3MuzIm0B\" data-secret=\"Lt3MuzIm0B\" width=\"500\" height=\"282\" frameborder=\"0\" marginwidth=\"0\" marginheight=\"0\" scrolling=\"no\"><\/iframe><\/p>\t\t\t\t\t\t\t\t<\/div>\n\t\t\t\t<\/div>\n\t\t\t\t\t<\/div>\n\t\t\t\t<\/div>\n\t\t<div class=\"elementor-element elementor-element-2813e626 e-flex e-con-boxed e-con e-parent\" data-id=\"2813e626\" data-element_type=\"container\" data-e-type=\"container\">\n\t\t\t\t\t<div class=\"e-con-inner\">\n\t\t\t\t<div class=\"elementor-element elementor-element-778e0d4a elementor-widget elementor-widget-image\" data-id=\"778e0d4a\" data-element_type=\"widget\" data-e-type=\"widget\" data-widget_type=\"image.default\">\n\t\t\t\t<div class=\"elementor-widget-container\">\n\t\t\t\t\t\t\t\t\t\t\t\t\t\t\t<img decoding=\"async\" width=\"819\" height=\"1024\" src=\"https:\/\/www.oonakaronen.fi\/wp-content\/uploads\/2025\/09\/Tilaa-3.png\" class=\"attachment-large size-large wp-image-1270\" alt=\"\" \/>\t\t\t\t\t\t\t\t\t\t\t\t\t\t\t<\/div>\n\t\t\t\t<\/div>\n\t\t\t\t<div class=\"elementor-element elementor-element-d056c00 elementor-widget elementor-widget-image\" data-id=\"d056c00\" data-element_type=\"widget\" data-e-type=\"widget\" data-widget_type=\"image.default\">\n\t\t\t\t<div class=\"elementor-widget-container\">\n\t\t\t\t\t\t\t\t\t\t\t\t\t\t\t<img decoding=\"async\" width=\"724\" height=\"1024\" src=\"https:\/\/www.oonakaronen.fi\/wp-content\/uploads\/2025\/09\/Lakritsimainos.png\" class=\"attachment-large size-large wp-image-1271\" alt=\"\" \/>\t\t\t\t\t\t\t\t\t\t\t\t\t\t\t<\/div>\n\t\t\t\t<\/div>\n\t\t\t\t<div class=\"elementor-element elementor-element-822fc54 elementor-widget elementor-widget-video\" data-id=\"822fc54\" data-element_type=\"widget\" data-e-type=\"widget\" data-settings=\"{&quot;video_type&quot;:&quot;hosted&quot;,&quot;controls&quot;:&quot;yes&quot;}\" data-widget_type=\"video.default\">\n\t\t\t\t<div class=\"elementor-widget-container\">\n\t\t\t\t\t\t\t<div class=\"e-hosted-video elementor-wrapper elementor-open-inline\">\n\t\t\t\t\t<video class=\"elementor-video\" src=\"https:\/\/www.oonakaronen.fi\/wp-content\/uploads\/2025\/09\/kakkuvalikoima_9_16.mp4\" controls=\"\" preload=\"metadata\" controlsList=\"nodownload\"><\/video>\n\t\t\t\t<\/div>\n\t\t\t\t\t\t<\/div>\n\t\t\t\t<\/div>\n\t\t\t\t<div class=\"elementor-element elementor-element-37c6b0d1 elementor-widget elementor-widget-spacer\" data-id=\"37c6b0d1\" data-element_type=\"widget\" data-e-type=\"widget\" data-widget_type=\"spacer.default\">\n\t\t\t\t<div class=\"elementor-widget-container\">\n\t\t\t\t\t\t\t<div class=\"elementor-spacer\">\n\t\t\t<div class=\"elementor-spacer-inner\"><\/div>\n\t\t<\/div>\n\t\t\t\t\t\t<\/div>\n\t\t\t\t<\/div>\n\t\t\t\t<div class=\"elementor-element elementor-element-73bcf49f elementor-widget elementor-widget-spacer\" data-id=\"73bcf49f\" data-element_type=\"widget\" data-e-type=\"widget\" data-widget_type=\"spacer.default\">\n\t\t\t\t<div class=\"elementor-widget-container\">\n\t\t\t\t\t\t\t<div class=\"elementor-spacer\">\n\t\t\t<div class=\"elementor-spacer-inner\"><\/div>\n\t\t<\/div>\n\t\t\t\t\t\t<\/div>\n\t\t\t\t<\/div>\n\t\t\t\t\t<\/div>\n\t\t\t\t<\/div>\n\t\t\t\t<\/div>\n\t\t","protected":false},"excerpt":{"rendered":"<p>Markkinointiharjoittelija, Juvenes Oy (2025) Ty\u00f6kalut: Microsoft Office, Teams, WordPress, Photoshop, Illustrator, Canva, Meta Business Suite Asiakas: Juvenes on suomalainen ravintolayritys, [&hellip;]<\/p>\n","protected":false},"author":1,"featured_media":0,"parent":0,"menu_order":0,"comment_status":"closed","ping_status":"closed","template":"","meta":{"_uag_custom_page_level_css":"","site-sidebar-layout":"no-sidebar","site-content-layout":"","ast-site-content-layout":"full-width-container","site-content-style":"default","site-sidebar-style":"default","ast-global-header-display":"","ast-banner-title-visibility":"","ast-main-header-display":"","ast-hfb-above-header-display":"","ast-hfb-below-header-display":"","ast-hfb-mobile-header-display":"","site-post-title":"disabled","ast-breadcrumbs-content":"","ast-featured-img":"disabled","footer-sml-layout":"","ast-disable-related-posts":"","theme-transparent-header-meta":"","adv-header-id-meta":"","stick-header-meta":"","header-above-stick-meta":"","header-main-stick-meta":"","header-below-stick-meta":"","astra-migrate-meta-layouts":"default","ast-page-background-enabled":"default","ast-page-background-meta":{"desktop":{"background-color":"var(--ast-global-color-5)","background-image":"","background-repeat":"repeat","background-position":"center center","background-size":"auto","background-attachment":"scroll","background-type":"","background-media":"","overlay-type":"","overlay-color":"","overlay-opacity":"","overlay-gradient":""},"tablet":{"background-color":"","background-image":"","background-repeat":"repeat","background-position":"center center","background-size":"auto","background-attachment":"scroll","background-type":"","background-media":"","overlay-type":"","overlay-color":"","overlay-opacity":"","overlay-gradient":""},"mobile":{"background-color":"","background-image":"","background-repeat":"repeat","background-position":"center center","background-size":"auto","background-attachment":"scroll","background-type":"","background-media":"","overlay-type":"","overlay-color":"","overlay-opacity":"","overlay-gradient":""}},"ast-content-background-meta":{"desktop":{"background-color":"var(--ast-global-color-4)","background-image":"","background-repeat":"repeat","background-position":"center center","background-size":"auto","background-attachment":"scroll","background-type":"","background-media":"","overlay-type":"","overlay-color":"","overlay-opacity":"","overlay-gradient":""},"tablet":{"background-color":"var(--ast-global-color-4)","background-image":"","background-repeat":"repeat","background-position":"center center","background-size":"auto","background-attachment":"scroll","background-type":"","background-media":"","overlay-type":"","overlay-color":"","overlay-opacity":"","overlay-gradient":""},"mobile":{"background-color":"var(--ast-global-color-4)","background-image":"","background-repeat":"repeat","background-position":"center center","background-size":"auto","background-attachment":"scroll","background-type":"","background-media":"","overlay-type":"","overlay-color":"","overlay-opacity":"","overlay-gradient":""}},"footnotes":""},"class_list":["post-1268","page","type-page","status-publish","hentry"],"uagb_featured_image_src":{"full":false,"thumbnail":false,"medium":false,"medium_large":false,"large":false,"1536x1536":false,"2048x2048":false},"uagb_author_info":{"display_name":"Oona","author_link":"https:\/\/www.oonakaronen.fi\/?author=1"},"uagb_comment_info":0,"uagb_excerpt":"Markkinointiharjoittelija, Juvenes Oy (2025) Ty\u00f6kalut: Microsoft Office, Teams, WordPress, Photoshop, Illustrator, Canva, Meta Business Suite Asiakas: Juvenes on suomalainen ravintolayritys, [&hellip;]","_links":{"self":[{"href":"https:\/\/www.oonakaronen.fi\/index.php?rest_route=\/wp\/v2\/pages\/1268","targetHints":{"allow":["GET"]}}],"collection":[{"href":"https:\/\/www.oonakaronen.fi\/index.php?rest_route=\/wp\/v2\/pages"}],"about":[{"href":"https:\/\/www.oonakaronen.fi\/index.php?rest_route=\/wp\/v2\/types\/page"}],"author":[{"embeddable":true,"href":"https:\/\/www.oonakaronen.fi\/index.php?rest_route=\/wp\/v2\/users\/1"}],"replies":[{"embeddable":true,"href":"https:\/\/www.oonakaronen.fi\/index.php?rest_route=%2Fwp%2Fv2%2Fcomments&post=1268"}],"version-history":[{"count":22,"href":"https:\/\/www.oonakaronen.fi\/index.php?rest_route=\/wp\/v2\/pages\/1268\/revisions"}],"predecessor-version":[{"id":1308,"href":"https:\/\/www.oonakaronen.fi\/index.php?rest_route=\/wp\/v2\/pages\/1268\/revisions\/1308"}],"wp:attachment":[{"href":"https:\/\/www.oonakaronen.fi\/index.php?rest_route=%2Fwp%2Fv2%2Fmedia&parent=1268"}],"curies":[{"name":"wp","href":"https:\/\/api.w.org\/{rel}","templated":true}]}}