{"id":1041,"date":"2025-05-09T06:40:02","date_gmt":"2025-05-09T06:40:02","guid":{"rendered":"https:\/\/www.oonakaronen.fi\/?page_id=1041"},"modified":"2025-09-02T18:41:53","modified_gmt":"2025-09-02T15:41:53","slug":"verkkosivun-suunnittelu-ja-toteutus-mes-partnerit-oylle","status":"publish","type":"page","link":"https:\/\/www.oonakaronen.fi\/?page_id=1041","title":{"rendered":"Verkkosivun suunnittelu ja toteutus MES Partnerit Oy:lle\u00a0"},"content":{"rendered":"\t\t<div data-elementor-type=\"wp-page\" data-elementor-id=\"1041\" class=\"elementor elementor-1041\">\n\t\t\t\t<div class=\"elementor-element elementor-element-321cb50 e-flex e-con-boxed e-con e-parent\" data-id=\"321cb50\" data-element_type=\"container\" data-e-type=\"container\">\n\t\t\t\t\t<div class=\"e-con-inner\">\n\t\t\t\t<div class=\"elementor-element elementor-element-b8d697c elementor-widget elementor-widget-spacer\" data-id=\"b8d697c\" data-element_type=\"widget\" data-e-type=\"widget\" data-widget_type=\"spacer.default\">\n\t\t\t\t<div class=\"elementor-widget-container\">\n\t\t\t\t\t\t\t<div class=\"elementor-spacer\">\n\t\t\t<div class=\"elementor-spacer-inner\"><\/div>\n\t\t<\/div>\n\t\t\t\t\t\t<\/div>\n\t\t\t\t<\/div>\n\t\t\t\t<div class=\"elementor-element elementor-element-7b76287 elementor-widget elementor-widget-image\" data-id=\"7b76287\" data-element_type=\"widget\" data-e-type=\"widget\" data-widget_type=\"image.default\">\n\t\t\t\t<div class=\"elementor-widget-container\">\n\t\t\t\t\t\t\t\t\t\t\t\t\t\t\t<img fetchpriority=\"high\" decoding=\"async\" width=\"1024\" height=\"586\" src=\"https:\/\/www.oonakaronen.fi\/wp-content\/uploads\/2025\/03\/Nayttokuva-2025-02-20-kello-20.11.30-1024x586.png\" class=\"attachment-large size-large wp-image-200\" alt=\"\" srcset=\"https:\/\/www.oonakaronen.fi\/wp-content\/uploads\/2025\/03\/Nayttokuva-2025-02-20-kello-20.11.30-1024x586.png 1024w, https:\/\/www.oonakaronen.fi\/wp-content\/uploads\/2025\/03\/Nayttokuva-2025-02-20-kello-20.11.30-300x172.png 300w, https:\/\/www.oonakaronen.fi\/wp-content\/uploads\/2025\/03\/Nayttokuva-2025-02-20-kello-20.11.30-768x440.png 768w, https:\/\/www.oonakaronen.fi\/wp-content\/uploads\/2025\/03\/Nayttokuva-2025-02-20-kello-20.11.30-1536x879.png 1536w, https:\/\/www.oonakaronen.fi\/wp-content\/uploads\/2025\/03\/Nayttokuva-2025-02-20-kello-20.11.30-2048x1173.png 2048w\" sizes=\"(max-width: 1024px) 100vw, 1024px\" \/>\t\t\t\t\t\t\t\t\t\t\t\t\t\t\t<\/div>\n\t\t\t\t<\/div>\n\t\t\t\t\t<\/div>\n\t\t\t\t<\/div>\n\t\t<div class=\"elementor-element elementor-element-2e2f899 e-flex e-con-boxed e-con e-parent\" data-id=\"2e2f899\" data-element_type=\"container\" data-e-type=\"container\">\n\t\t\t\t\t<div class=\"e-con-inner\">\n\t\t\t\t<div class=\"elementor-element elementor-element-1454d06 elementor-widget elementor-widget-heading\" data-id=\"1454d06\" data-element_type=\"widget\" data-e-type=\"widget\" data-widget_type=\"heading.default\">\n\t\t\t\t<div class=\"elementor-widget-container\">\n\t\t\t\t\t<h3 class=\"elementor-heading-title elementor-size-default\">Verkkosivun suunnittelu ja toteutus MES Partnerit Oy:lle (2025)<\/h3>\t\t\t\t<\/div>\n\t\t\t\t<\/div>\n\t\t\t\t<div class=\"elementor-element elementor-element-014b2e7 elementor-widget elementor-widget-text-editor\" data-id=\"014b2e7\" data-element_type=\"widget\" data-e-type=\"widget\" data-widget_type=\"text-editor.default\">\n\t\t\t\t<div class=\"elementor-widget-container\">\n\t\t\t\t\t\t\t\t\t<h4>Ty\u00f6kalut:<\/h4><p>WordPress, Photoshop, Illustrator<\/p><h4>Asiakas:<\/h4><p>MES Partnerit Oy on kotimainen yritys, joka edist\u00e4\u00e4 nuorten ja vastavalmistuneiden ty\u00f6llistymist\u00e4 liike-el\u00e4m\u00e4\u00e4n. Yritys tarjoaa valmennusohjelmia, jotka keskittyv\u00e4t johtamiseen, esihenkil\u00f6ty\u00f6h\u00f6n ja asiantuntijateht\u00e4viin sek\u00e4 ty\u00f6llistymist\u00e4 tukevien taitojen kehitt\u00e4miseen. MES Partnerit Oy:n tavoitteena on uudistaa suomalaista yrityskulttuuria ja auttaa nuoria rakentamaan vahvaa uraa.<\/p><h4>Suunnittelu ja toteutus:<\/h4><p>MES Partnerit Oy:n verkkosivuprojekti sai alkunsa koulun v\u00e4lityksell\u00e4, kun kuulin, ett\u00e4 vastik\u00e4\u00e4n perustettu yritys etsi opiskelijaa toteuttamaan verkkosivunsa. Otin heihin yhteytt\u00e4 ja ilmaisin kiinnostukseni, ja yhteisty\u00f6 k\u00e4ynnistyi.<\/p><p>Projektin aluksi j\u00e4rjestimme muutamia palavereja, joissa kartoitimme yrityksen tarpeet ja toiveet. Palaverien pohjalta laadin verkkosivujen suunnitelman, jota muokattiin yhdess\u00e4 saadun palautteen perusteella. Kun suunnitelma oli hyv\u00e4ksytty, siirryin verkkosivujen rakentamiseen.<\/p><p>Valmiit verkkosivut kiteytt\u00e4v\u00e4t onnistuneesti MES Partnerit Oy:n liikeidean ja tukevat yrityksen toimintaa selke\u00e4ll\u00e4 ja toimivalla kokonaisuudella.<\/p><h4><span style=\"text-decoration: underline;\"><a href=\"https:\/\/www.mespartnerit.fi\/\">https:\/\/www.mespartnerit.fi\/<\/a><\/span><\/h4>\t\t\t\t\t\t\t\t<\/div>\n\t\t\t\t<\/div>\n\t\t\t\t\t<\/div>\n\t\t\t\t<\/div>\n\t\t<div class=\"elementor-element elementor-element-ca79885 e-flex e-con-boxed e-con e-parent\" data-id=\"ca79885\" data-element_type=\"container\" data-e-type=\"container\">\n\t\t\t\t\t<div class=\"e-con-inner\">\n\t\t\t\t<div class=\"elementor-element elementor-element-c90b9ee elementor-widget elementor-widget-image\" data-id=\"c90b9ee\" data-element_type=\"widget\" data-e-type=\"widget\" data-widget_type=\"image.default\">\n\t\t\t\t<div class=\"elementor-widget-container\">\n\t\t\t\t\t\t\t\t\t\t\t\t\t\t\t<img decoding=\"async\" width=\"1024\" height=\"740\" src=\"https:\/\/www.oonakaronen.fi\/wp-content\/uploads\/2025\/05\/mes1.png\" class=\"attachment-large size-large wp-image-1015\" alt=\"\" \/>\t\t\t\t\t\t\t\t\t\t\t\t\t\t\t<\/div>\n\t\t\t\t<\/div>\n\t\t\t\t<div class=\"elementor-element elementor-element-c2924c7 elementor-widget elementor-widget-image\" data-id=\"c2924c7\" data-element_type=\"widget\" data-e-type=\"widget\" data-widget_type=\"image.default\">\n\t\t\t\t<div class=\"elementor-widget-container\">\n\t\t\t\t\t\t\t\t\t\t\t\t\t\t\t<img decoding=\"async\" width=\"1024\" height=\"309\" src=\"https:\/\/www.oonakaronen.fi\/wp-content\/uploads\/2025\/05\/mes2.png\" class=\"attachment-large size-large wp-image-1016\" alt=\"\" \/>\t\t\t\t\t\t\t\t\t\t\t\t\t\t\t<\/div>\n\t\t\t\t<\/div>\n\t\t\t\t<div class=\"elementor-element elementor-element-9015eac elementor-widget elementor-widget-image\" data-id=\"9015eac\" data-element_type=\"widget\" data-e-type=\"widget\" data-widget_type=\"image.default\">\n\t\t\t\t<div class=\"elementor-widget-container\">\n\t\t\t\t\t\t\t\t\t\t\t\t\t\t\t<img loading=\"lazy\" decoding=\"async\" width=\"1024\" height=\"740\" src=\"https:\/\/www.oonakaronen.fi\/wp-content\/uploads\/2025\/05\/mes3.png\" class=\"attachment-large size-large wp-image-1017\" alt=\"\" \/>\t\t\t\t\t\t\t\t\t\t\t\t\t\t\t<\/div>\n\t\t\t\t<\/div>\n\t\t\t\t\t<\/div>\n\t\t\t\t<\/div>\n\t\t<div class=\"elementor-element elementor-element-bd0e134 e-flex e-con-boxed e-con e-parent\" data-id=\"bd0e134\" data-element_type=\"container\" data-e-type=\"container\">\n\t\t\t\t\t<div class=\"e-con-inner\">\n\t\t\t\t<div class=\"elementor-element elementor-element-b22a308 elementor-widget elementor-widget-spacer\" data-id=\"b22a308\" data-element_type=\"widget\" data-e-type=\"widget\" data-widget_type=\"spacer.default\">\n\t\t\t\t<div class=\"elementor-widget-container\">\n\t\t\t\t\t\t\t<div class=\"elementor-spacer\">\n\t\t\t<div class=\"elementor-spacer-inner\"><\/div>\n\t\t<\/div>\n\t\t\t\t\t\t<\/div>\n\t\t\t\t<\/div>\n\t\t\t\t\t<\/div>\n\t\t\t\t<\/div>\n\t\t\t\t<\/div>\n\t\t","protected":false},"excerpt":{"rendered":"<p>Verkkosivun suunnittelu ja toteutus MES Partnerit Oy:lle (2025) Ty\u00f6kalut: WordPress, Photoshop, Illustrator Asiakas: MES Partnerit Oy on kotimainen yritys, joka [&hellip;]<\/p>\n","protected":false},"author":1,"featured_media":0,"parent":0,"menu_order":0,"comment_status":"closed","ping_status":"closed","template":"","meta":{"_uag_custom_page_level_css":"","site-sidebar-layout":"no-sidebar","site-content-layout":"","ast-site-content-layout":"full-width-container","site-content-style":"default","site-sidebar-style":"default","ast-global-header-display":"","ast-banner-title-visibility":"","ast-main-header-display":"","ast-hfb-above-header-display":"","ast-hfb-below-header-display":"","ast-hfb-mobile-header-display":"","site-post-title":"disabled","ast-breadcrumbs-content":"","ast-featured-img":"disabled","footer-sml-layout":"","ast-disable-related-posts":"","theme-transparent-header-meta":"","adv-header-id-meta":"","stick-header-meta":"","header-above-stick-meta":"","header-main-stick-meta":"","header-below-stick-meta":"","astra-migrate-meta-layouts":"default","ast-page-background-enabled":"default","ast-page-background-meta":{"desktop":{"background-color":"var(--ast-global-color-5)","background-image":"","background-repeat":"repeat","background-position":"center center","background-size":"auto","background-attachment":"scroll","background-type":"","background-media":"","overlay-type":"","overlay-color":"","overlay-opacity":"","overlay-gradient":""},"tablet":{"background-color":"","background-image":"","background-repeat":"repeat","background-position":"center center","background-size":"auto","background-attachment":"scroll","background-type":"","background-media":"","overlay-type":"","overlay-color":"","overlay-opacity":"","overlay-gradient":""},"mobile":{"background-color":"","background-image":"","background-repeat":"repeat","background-position":"center center","background-size":"auto","background-attachment":"scroll","background-type":"","background-media":"","overlay-type":"","overlay-color":"","overlay-opacity":"","overlay-gradient":""}},"ast-content-background-meta":{"desktop":{"background-color":"var(--ast-global-color-4)","background-image":"","background-repeat":"repeat","background-position":"center center","background-size":"auto","background-attachment":"scroll","background-type":"","background-media":"","overlay-type":"","overlay-color":"","overlay-opacity":"","overlay-gradient":""},"tablet":{"background-color":"var(--ast-global-color-4)","background-image":"","background-repeat":"repeat","background-position":"center center","background-size":"auto","background-attachment":"scroll","background-type":"","background-media":"","overlay-type":"","overlay-color":"","overlay-opacity":"","overlay-gradient":""},"mobile":{"background-color":"var(--ast-global-color-4)","background-image":"","background-repeat":"repeat","background-position":"center center","background-size":"auto","background-attachment":"scroll","background-type":"","background-media":"","overlay-type":"","overlay-color":"","overlay-opacity":"","overlay-gradient":""}},"footnotes":""},"class_list":["post-1041","page","type-page","status-publish","hentry"],"uagb_featured_image_src":{"full":false,"thumbnail":false,"medium":false,"medium_large":false,"large":false,"1536x1536":false,"2048x2048":false},"uagb_author_info":{"display_name":"Oona","author_link":"https:\/\/www.oonakaronen.fi\/?author=1"},"uagb_comment_info":0,"uagb_excerpt":"Verkkosivun suunnittelu ja toteutus MES Partnerit Oy:lle (2025) Ty\u00f6kalut: WordPress, Photoshop, Illustrator Asiakas: MES Partnerit Oy on kotimainen yritys, joka [&hellip;]","_links":{"self":[{"href":"https:\/\/www.oonakaronen.fi\/index.php?rest_route=\/wp\/v2\/pages\/1041","targetHints":{"allow":["GET"]}}],"collection":[{"href":"https:\/\/www.oonakaronen.fi\/index.php?rest_route=\/wp\/v2\/pages"}],"about":[{"href":"https:\/\/www.oonakaronen.fi\/index.php?rest_route=\/wp\/v2\/types\/page"}],"author":[{"embeddable":true,"href":"https:\/\/www.oonakaronen.fi\/index.php?rest_route=\/wp\/v2\/users\/1"}],"replies":[{"embeddable":true,"href":"https:\/\/www.oonakaronen.fi\/index.php?rest_route=%2Fwp%2Fv2%2Fcomments&post=1041"}],"version-history":[{"count":10,"href":"https:\/\/www.oonakaronen.fi\/index.php?rest_route=\/wp\/v2\/pages\/1041\/revisions"}],"predecessor-version":[{"id":1267,"href":"https:\/\/www.oonakaronen.fi\/index.php?rest_route=\/wp\/v2\/pages\/1041\/revisions\/1267"}],"wp:attachment":[{"href":"https:\/\/www.oonakaronen.fi\/index.php?rest_route=%2Fwp%2Fv2%2Fmedia&parent=1041"}],"curies":[{"name":"wp","href":"https:\/\/api.w.org\/{rel}","templated":true}]}}