{"id":1038,"date":"2025-05-09T06:39:40","date_gmt":"2025-05-09T06:39:40","guid":{"rendered":"https:\/\/www.oonakaronen.fi\/?page_id=1038"},"modified":"2025-09-02T18:38:42","modified_gmt":"2025-09-02T15:38:42","slug":"normalize-the-normal-valokuvaprojekti","status":"publish","type":"page","link":"https:\/\/www.oonakaronen.fi\/?page_id=1038","title":{"rendered":"Normalize the Normal-valokuvaprojekti\u00a0"},"content":{"rendered":"\t\t<div data-elementor-type=\"wp-page\" data-elementor-id=\"1038\" class=\"elementor elementor-1038\">\n\t\t\t\t<div class=\"elementor-element elementor-element-2ea7e7a7 e-flex e-con-boxed e-con e-parent\" data-id=\"2ea7e7a7\" data-element_type=\"container\" data-e-type=\"container\" data-settings=\"{&quot;background_background&quot;:&quot;classic&quot;}\">\n\t\t\t\t\t<div class=\"e-con-inner\">\n\t\t\t\t<div class=\"elementor-element elementor-element-321cf377 elementor-widget elementor-widget-spacer\" data-id=\"321cf377\" data-element_type=\"widget\" data-e-type=\"widget\" data-widget_type=\"spacer.default\">\n\t\t\t\t<div class=\"elementor-widget-container\">\n\t\t\t\t\t\t\t<div class=\"elementor-spacer\">\n\t\t\t<div class=\"elementor-spacer-inner\"><\/div>\n\t\t<\/div>\n\t\t\t\t\t\t<\/div>\n\t\t\t\t<\/div>\n\t\t\t\t\t<\/div>\n\t\t\t\t<\/div>\n\t\t<div class=\"elementor-element elementor-element-4c11008d e-flex e-con-boxed e-con e-parent\" data-id=\"4c11008d\" data-element_type=\"container\" data-e-type=\"container\">\n\t\t\t\t\t<div class=\"e-con-inner\">\n\t\t\t\t<div class=\"elementor-element elementor-element-6222c3d8 elementor-widget elementor-widget-image\" data-id=\"6222c3d8\" data-element_type=\"widget\" data-e-type=\"widget\" data-widget_type=\"image.default\">\n\t\t\t\t<div class=\"elementor-widget-container\">\n\t\t\t\t\t\t\t\t\t\t\t\t\t\t\t<img fetchpriority=\"high\" decoding=\"async\" width=\"1024\" height=\"576\" src=\"https:\/\/www.oonakaronen.fi\/wp-content\/uploads\/2025\/04\/kuvasarja.jpg\" class=\"attachment-large size-large wp-image-557\" alt=\"\" \/>\t\t\t\t\t\t\t\t\t\t\t\t\t\t\t<\/div>\n\t\t\t\t<\/div>\n\t\t\t\t<div class=\"elementor-element elementor-element-7540c7b elementor-widget elementor-widget-heading\" data-id=\"7540c7b\" data-element_type=\"widget\" data-e-type=\"widget\" data-widget_type=\"heading.default\">\n\t\t\t\t<div class=\"elementor-widget-container\">\n\t\t\t\t\t<h3 class=\"elementor-heading-title elementor-size-default\">Normalize the Normal-valokuvaprojekti (2024)<\/h3>\t\t\t\t<\/div>\n\t\t\t\t<\/div>\n\t\t\t\t<div class=\"elementor-element elementor-element-e92d828 elementor-widget elementor-widget-text-editor\" data-id=\"e92d828\" data-element_type=\"widget\" data-e-type=\"widget\" data-widget_type=\"text-editor.default\">\n\t\t\t\t<div class=\"elementor-widget-container\">\n\t\t\t\t\t\t\t\t\t<h4>Ty\u00f6kalut:<\/h4><p>J\u00e4rjestelm\u00e4kamera, Lightroom, InDesign\u00a0<\/p><h4>Suunnittelu ja toteutus:<\/h4><p>Normalize the Normal-valokuvaprojekti sai alkunsa Media-alan asiantuntijuus kurssilla, jonka tavoitteena oli suunnitella ja toteuttaa itsen\u00e4inen tuotanto. Projekti sai olla aiheeltaan ja toteutustavaltaan vapaavalintainen ja sit\u00e4 edistettiin omaan tahtiin.<\/p><p>Valitsin tuotannokseni valokuvausprojektin, jonka tavoitteena oli ottaa kantaa nyky-yhteiskunnan ilmi\u00f6ihin, kuten suorittamisen kulttuuriin, yksil\u00f6llisyyden korostumiseen ja ainutlaatuisuuden ihannointiin. Projektin tavoitteena oli nostaa normaaliutta esiin entist\u00e4 enemm\u00e4n ja my\u00f6nteisemm\u00e4ss\u00e4 valossa.<\/p><p>Toteutin projektin vaihto-opiskelujaksoni aikana Barcelonassa, joka tarjosi monipuoliset ja inspiroivat puitteet katuvalokuvaukselle. Projektin my\u00f6t\u00e4 opin paljon sek\u00e4 valokuvauksesta, erityisesti katuvalokuvauksen k\u00e4yt\u00e4nn\u00f6ist\u00e4 sek\u00e4 kokonaisuudessaan projektity\u00f6skentelyst\u00e4. Kehitin taitojani muun muassa aikataulutuksessa, raportoinnissa, itsen\u00e4isess\u00e4 ty\u00f6skentelyss\u00e4 sek\u00e4 oman mukavuusalueen ulkopuolelle menemisess\u00e4.<\/p><h4><span style=\"text-decoration: underline;\"><strong><a href=\"https:\/\/www.oonakaronen.fi\/wp-content\/uploads\/2025\/04\/Lopullinentyo_Oona_Karonen.pdf\">Tutustu projektiin<\/a><\/strong><\/span><\/h4>\t\t\t\t\t\t\t\t<\/div>\n\t\t\t\t<\/div>\n\t\t\t\t<div class=\"elementor-element elementor-element-b6d18c9 elementor-widget elementor-widget-image\" data-id=\"b6d18c9\" data-element_type=\"widget\" data-e-type=\"widget\" data-widget_type=\"image.default\">\n\t\t\t\t<div class=\"elementor-widget-container\">\n\t\t\t\t\t\t\t\t\t\t\t\t\t\t\t<img decoding=\"async\" width=\"741\" height=\"1024\" src=\"https:\/\/www.oonakaronen.fi\/wp-content\/uploads\/2025\/02\/Nayttokuva-2025-02-27-kello-18.54.01.jpg\" class=\"attachment-large size-large wp-image-86\" alt=\"\" srcset=\"https:\/\/www.oonakaronen.fi\/wp-content\/uploads\/2025\/02\/Nayttokuva-2025-02-27-kello-18.54.01.jpg 741w, https:\/\/www.oonakaronen.fi\/wp-content\/uploads\/2025\/02\/Nayttokuva-2025-02-27-kello-18.54.01-217x300.jpg 217w\" sizes=\"(max-width: 741px) 100vw, 741px\" \/>\t\t\t\t\t\t\t\t\t\t\t\t\t\t\t<\/div>\n\t\t\t\t<\/div>\n\t\t\t\t<div class=\"elementor-element elementor-element-5976a41 elementor-widget elementor-widget-image\" data-id=\"5976a41\" data-element_type=\"widget\" data-e-type=\"widget\" data-widget_type=\"image.default\">\n\t\t\t\t<div class=\"elementor-widget-container\">\n\t\t\t\t\t\t\t\t\t\t\t\t\t\t\t<img decoding=\"async\" width=\"1024\" height=\"719\" src=\"https:\/\/www.oonakaronen.fi\/wp-content\/uploads\/2025\/04\/normalize_sisallysluettelo-e1745745036197-1024x719.png\" class=\"attachment-large size-large wp-image-709\" alt=\"\" srcset=\"https:\/\/www.oonakaronen.fi\/wp-content\/uploads\/2025\/04\/normalize_sisallysluettelo-e1745745036197-1024x719.png 1024w, https:\/\/www.oonakaronen.fi\/wp-content\/uploads\/2025\/04\/normalize_sisallysluettelo-e1745745036197-300x211.png 300w, https:\/\/www.oonakaronen.fi\/wp-content\/uploads\/2025\/04\/normalize_sisallysluettelo-e1745745036197-768x539.png 768w, https:\/\/www.oonakaronen.fi\/wp-content\/uploads\/2025\/04\/normalize_sisallysluettelo-e1745745036197.png 1200w\" sizes=\"(max-width: 1024px) 100vw, 1024px\" \/>\t\t\t\t\t\t\t\t\t\t\t\t\t\t\t<\/div>\n\t\t\t\t<\/div>\n\t\t\t\t<div class=\"elementor-element elementor-element-7ccd835 elementor-widget elementor-widget-image\" data-id=\"7ccd835\" data-element_type=\"widget\" data-e-type=\"widget\" data-widget_type=\"image.default\">\n\t\t\t\t<div class=\"elementor-widget-container\">\n\t\t\t\t\t\t\t\t\t\t\t\t\t\t\t<img loading=\"lazy\" decoding=\"async\" width=\"1024\" height=\"725\" src=\"https:\/\/www.oonakaronen.fi\/wp-content\/uploads\/2025\/04\/normalize_rakennus.png\" class=\"attachment-large size-large wp-image-711\" alt=\"\" \/>\t\t\t\t\t\t\t\t\t\t\t\t\t\t\t<\/div>\n\t\t\t\t<\/div>\n\t\t\t\t<div class=\"elementor-element elementor-element-3fc6a81 elementor-widget elementor-widget-image\" data-id=\"3fc6a81\" data-element_type=\"widget\" data-e-type=\"widget\" data-widget_type=\"image.default\">\n\t\t\t\t<div class=\"elementor-widget-container\">\n\t\t\t\t\t\t\t\t\t\t\t\t\t\t\t<img loading=\"lazy\" decoding=\"async\" width=\"1024\" height=\"723\" src=\"https:\/\/www.oonakaronen.fi\/wp-content\/uploads\/2025\/04\/normalize_tyontekijat-e1745745063767-1024x723.png\" class=\"attachment-large size-large wp-image-710\" alt=\"\" srcset=\"https:\/\/www.oonakaronen.fi\/wp-content\/uploads\/2025\/04\/normalize_tyontekijat-e1745745063767-1024x723.png 1024w, https:\/\/www.oonakaronen.fi\/wp-content\/uploads\/2025\/04\/normalize_tyontekijat-e1745745063767-300x212.png 300w, https:\/\/www.oonakaronen.fi\/wp-content\/uploads\/2025\/04\/normalize_tyontekijat-e1745745063767-768x543.png 768w, https:\/\/www.oonakaronen.fi\/wp-content\/uploads\/2025\/04\/normalize_tyontekijat-e1745745063767.png 1196w\" sizes=\"(max-width: 1024px) 100vw, 1024px\" \/>\t\t\t\t\t\t\t\t\t\t\t\t\t\t\t<\/div>\n\t\t\t\t<\/div>\n\t\t\t\t<div class=\"elementor-element elementor-element-9025c39 elementor-widget elementor-widget-spacer\" data-id=\"9025c39\" data-element_type=\"widget\" data-e-type=\"widget\" data-widget_type=\"spacer.default\">\n\t\t\t\t<div class=\"elementor-widget-container\">\n\t\t\t\t\t\t\t<div class=\"elementor-spacer\">\n\t\t\t<div class=\"elementor-spacer-inner\"><\/div>\n\t\t<\/div>\n\t\t\t\t\t\t<\/div>\n\t\t\t\t<\/div>\n\t\t\t\t\t<\/div>\n\t\t\t\t<\/div>\n\t\t\t\t<\/div>\n\t\t","protected":false},"excerpt":{"rendered":"<p>Normalize the Normal-valokuvaprojekti (2024) Ty\u00f6kalut: J\u00e4rjestelm\u00e4kamera, Lightroom, InDesign\u00a0 Suunnittelu ja toteutus: Normalize the Normal-valokuvaprojekti sai alkunsa Media-alan asiantuntijuus kurssilla, jonka [&hellip;]<\/p>\n","protected":false},"author":1,"featured_media":0,"parent":0,"menu_order":0,"comment_status":"closed","ping_status":"closed","template":"","meta":{"_uag_custom_page_level_css":"","site-sidebar-layout":"no-sidebar","site-content-layout":"","ast-site-content-layout":"full-width-container","site-content-style":"default","site-sidebar-style":"default","ast-global-header-display":"","ast-banner-title-visibility":"","ast-main-header-display":"","ast-hfb-above-header-display":"","ast-hfb-below-header-display":"","ast-hfb-mobile-header-display":"","site-post-title":"disabled","ast-breadcrumbs-content":"","ast-featured-img":"disabled","footer-sml-layout":"","ast-disable-related-posts":"","theme-transparent-header-meta":"","adv-header-id-meta":"","stick-header-meta":"","header-above-stick-meta":"","header-main-stick-meta":"","header-below-stick-meta":"","astra-migrate-meta-layouts":"default","ast-page-background-enabled":"default","ast-page-background-meta":{"desktop":{"background-color":"var(--ast-global-color-5)","background-image":"","background-repeat":"repeat","background-position":"center center","background-size":"auto","background-attachment":"scroll","background-type":"","background-media":"","overlay-type":"","overlay-color":"","overlay-opacity":"","overlay-gradient":""},"tablet":{"background-color":"","background-image":"","background-repeat":"repeat","background-position":"center center","background-size":"auto","background-attachment":"scroll","background-type":"","background-media":"","overlay-type":"","overlay-color":"","overlay-opacity":"","overlay-gradient":""},"mobile":{"background-color":"","background-image":"","background-repeat":"repeat","background-position":"center center","background-size":"auto","background-attachment":"scroll","background-type":"","background-media":"","overlay-type":"","overlay-color":"","overlay-opacity":"","overlay-gradient":""}},"ast-content-background-meta":{"desktop":{"background-color":"var(--ast-global-color-4)","background-image":"","background-repeat":"repeat","background-position":"center center","background-size":"auto","background-attachment":"scroll","background-type":"","background-media":"","overlay-type":"","overlay-color":"","overlay-opacity":"","overlay-gradient":""},"tablet":{"background-color":"var(--ast-global-color-4)","background-image":"","background-repeat":"repeat","background-position":"center center","background-size":"auto","background-attachment":"scroll","background-type":"","background-media":"","overlay-type":"","overlay-color":"","overlay-opacity":"","overlay-gradient":""},"mobile":{"background-color":"var(--ast-global-color-4)","background-image":"","background-repeat":"repeat","background-position":"center center","background-size":"auto","background-attachment":"scroll","background-type":"","background-media":"","overlay-type":"","overlay-color":"","overlay-opacity":"","overlay-gradient":""}},"footnotes":""},"class_list":["post-1038","page","type-page","status-publish","hentry"],"uagb_featured_image_src":{"full":false,"thumbnail":false,"medium":false,"medium_large":false,"large":false,"1536x1536":false,"2048x2048":false},"uagb_author_info":{"display_name":"Oona","author_link":"https:\/\/www.oonakaronen.fi\/?author=1"},"uagb_comment_info":0,"uagb_excerpt":"Normalize the Normal-valokuvaprojekti (2024) Ty\u00f6kalut: J\u00e4rjestelm\u00e4kamera, Lightroom, InDesign\u00a0 Suunnittelu ja toteutus: Normalize the Normal-valokuvaprojekti sai alkunsa Media-alan asiantuntijuus kurssilla, jonka [&hellip;]","_links":{"self":[{"href":"https:\/\/www.oonakaronen.fi\/index.php?rest_route=\/wp\/v2\/pages\/1038","targetHints":{"allow":["GET"]}}],"collection":[{"href":"https:\/\/www.oonakaronen.fi\/index.php?rest_route=\/wp\/v2\/pages"}],"about":[{"href":"https:\/\/www.oonakaronen.fi\/index.php?rest_route=\/wp\/v2\/types\/page"}],"author":[{"embeddable":true,"href":"https:\/\/www.oonakaronen.fi\/index.php?rest_route=\/wp\/v2\/users\/1"}],"replies":[{"embeddable":true,"href":"https:\/\/www.oonakaronen.fi\/index.php?rest_route=%2Fwp%2Fv2%2Fcomments&post=1038"}],"version-history":[{"count":19,"href":"https:\/\/www.oonakaronen.fi\/index.php?rest_route=\/wp\/v2\/pages\/1038\/revisions"}],"predecessor-version":[{"id":1255,"href":"https:\/\/www.oonakaronen.fi\/index.php?rest_route=\/wp\/v2\/pages\/1038\/revisions\/1255"}],"wp:attachment":[{"href":"https:\/\/www.oonakaronen.fi\/index.php?rest_route=%2Fwp%2Fv2%2Fmedia&parent=1038"}],"curies":[{"name":"wp","href":"https:\/\/api.w.org\/{rel}","templated":true}]}}