{"id":1031,"date":"2025-05-09T06:37:47","date_gmt":"2025-05-09T06:37:47","guid":{"rendered":"https:\/\/www.oonakaronen.fi\/?page_id=1031"},"modified":"2025-09-02T18:41:11","modified_gmt":"2025-09-02T15:41:11","slug":"vahanta-bikersin-verkkosivujen-suunnittelu-ja-toteutus","status":"publish","type":"page","link":"https:\/\/www.oonakaronen.fi\/?page_id=1031","title":{"rendered":"Vahanta Bikersin verkkosivujen suunnittelu ja toteutus"},"content":{"rendered":"\t\t<div data-elementor-type=\"wp-page\" data-elementor-id=\"1031\" class=\"elementor elementor-1031\">\n\t\t\t\t<div class=\"elementor-element elementor-element-ed73752 e-flex e-con-boxed e-con e-parent\" data-id=\"ed73752\" data-element_type=\"container\" data-e-type=\"container\">\n\t\t\t\t\t<div class=\"e-con-inner\">\n\t\t\t\t<div class=\"elementor-element elementor-element-05355b7 elementor-widget elementor-widget-spacer\" data-id=\"05355b7\" data-element_type=\"widget\" data-e-type=\"widget\" data-widget_type=\"spacer.default\">\n\t\t\t\t<div class=\"elementor-widget-container\">\n\t\t\t\t\t\t\t<div class=\"elementor-spacer\">\n\t\t\t<div class=\"elementor-spacer-inner\"><\/div>\n\t\t<\/div>\n\t\t\t\t\t\t<\/div>\n\t\t\t\t<\/div>\n\t\t\t\t<div class=\"elementor-element elementor-element-1603b3e elementor-widget elementor-widget-image\" data-id=\"1603b3e\" data-element_type=\"widget\" data-e-type=\"widget\" data-widget_type=\"image.default\">\n\t\t\t\t<div class=\"elementor-widget-container\">\n\t\t\t\t\t\t\t\t\t\t\t\t\t\t\t<img fetchpriority=\"high\" decoding=\"async\" width=\"1024\" height=\"576\" src=\"https:\/\/www.oonakaronen.fi\/wp-content\/uploads\/2025\/02\/Nayttokuva-2025-02-27-kello-18.59.35-1024x576.jpg\" class=\"attachment-large size-large wp-image-87\" alt=\"\" srcset=\"https:\/\/www.oonakaronen.fi\/wp-content\/uploads\/2025\/02\/Nayttokuva-2025-02-27-kello-18.59.35-1024x576.jpg 1024w, https:\/\/www.oonakaronen.fi\/wp-content\/uploads\/2025\/02\/Nayttokuva-2025-02-27-kello-18.59.35-300x169.jpg 300w, https:\/\/www.oonakaronen.fi\/wp-content\/uploads\/2025\/02\/Nayttokuva-2025-02-27-kello-18.59.35-768x432.jpg 768w, https:\/\/www.oonakaronen.fi\/wp-content\/uploads\/2025\/02\/Nayttokuva-2025-02-27-kello-18.59.35.jpg 1440w\" sizes=\"(max-width: 1024px) 100vw, 1024px\" \/>\t\t\t\t\t\t\t\t\t\t\t\t\t\t\t<\/div>\n\t\t\t\t<\/div>\n\t\t\t\t<div class=\"elementor-element elementor-element-68bd686 elementor-widget elementor-widget-heading\" data-id=\"68bd686\" data-element_type=\"widget\" data-e-type=\"widget\" data-widget_type=\"heading.default\">\n\t\t\t\t<div class=\"elementor-widget-container\">\n\t\t\t\t\t<h3 class=\"elementor-heading-title elementor-size-default\">Vahanta Bikersin verkkosivujen suunnittelu ja toteutus (2023)<\/h3>\t\t\t\t<\/div>\n\t\t\t\t<\/div>\n\t\t\t\t<div class=\"elementor-element elementor-element-1ad3f01 elementor-widget elementor-widget-text-editor\" data-id=\"1ad3f01\" data-element_type=\"widget\" data-e-type=\"widget\" data-widget_type=\"text-editor.default\">\n\t\t\t\t<div class=\"elementor-widget-container\">\n\t\t\t\t\t\t\t\t\t<h4><strong>Ty\u00f6kalut:<\/strong><\/h4><p>WordPress, Photoshop, Illustrator<\/p><h4>Asiakas:<\/h4><p>Vahanta Bikers MCC on Yl\u00f6j\u00e4rven Vahannan kyl\u00e4ss\u00e4 vuonna 2017 perustettu moottoripy\u00f6r\u00e4kerho, joka on kasvanut pienest\u00e4 kaveriporukasta viralliseksi MCC-kerhoksi. Toiminta sai alkunsa rennosta yhteisajelusta, mutta vuonna 2020 kerho j\u00e4rjest\u00e4ytyi virallisesti ja liittyi valtakunnalliseen Bikersmeeting-yhteis\u00f6\u00f6n.<\/p><h4>Suunnittelu ja toteutus:<\/h4><p>Vahanta Bikersill\u00e4 oli entuudestaan verkkosivut, mutta ne kaipasivat kokonaisvaltaista uudistusta. Aluksi kartoitin yhdess\u00e4 kerhon kanssa, millaisia toiveita ja tarpeita uusille sivuille oli. T\u00e4m\u00e4n pohjalta ryhdyin suunnittelemaan sivuston rakennetta ja laadin ensimm\u00e4iset mockupit Illustratorilla.<\/p><p>Kerholta sain kattavan valikoiman kuvia ja tekstej\u00e4, joita hy\u00f6dynsin suunnittelussa. Kun sivuston ilme ja sis\u00e4lt\u00f6 oli yhdess\u00e4 tarkistettu ja hyv\u00e4ksytty, siirryin verkkosivujen toteutukseen.<\/p><p>Lopputuloksena syntyiv\u00e4t selke\u00e4t, toimivat ja visuaalisesti miellytt\u00e4v\u00e4t verkkosivut, jotka tarjoavat hyv\u00e4n kokonaiskuvan kerhosta ja palvelevat sek\u00e4 nykyisi\u00e4 ett\u00e4 uusia j\u00e4seni\u00e4.<\/p><h4><span style=\"text-decoration: underline;\"><a href=\"https:\/\/vahantabikers.fi\/\">https:\/\/vahantabikers.fi\/<\/a><\/span><\/h4>\t\t\t\t\t\t\t\t<\/div>\n\t\t\t\t<\/div>\n\t\t\t\t\t<\/div>\n\t\t\t\t<\/div>\n\t\t<div class=\"elementor-element elementor-element-6450291 e-flex e-con-boxed e-con e-parent\" data-id=\"6450291\" data-element_type=\"container\" data-e-type=\"container\">\n\t\t\t\t\t<div class=\"e-con-inner\">\n\t\t\t\t<div class=\"elementor-element elementor-element-48d7e50 elementor-widget elementor-widget-image\" data-id=\"48d7e50\" data-element_type=\"widget\" data-e-type=\"widget\" data-widget_type=\"image.default\">\n\t\t\t\t<div class=\"elementor-widget-container\">\n\t\t\t\t\t\t\t\t\t\t\t\t\t\t\t<img decoding=\"async\" width=\"491\" height=\"1024\" src=\"https:\/\/www.oonakaronen.fi\/wp-content\/uploads\/2025\/02\/screencapture-vahantabikers-fi-2023-12-18-16_19_28-491x1024.jpg\" class=\"attachment-large size-large wp-image-85\" alt=\"\" srcset=\"https:\/\/www.oonakaronen.fi\/wp-content\/uploads\/2025\/02\/screencapture-vahantabikers-fi-2023-12-18-16_19_28-491x1024.jpg 491w, https:\/\/www.oonakaronen.fi\/wp-content\/uploads\/2025\/02\/screencapture-vahantabikers-fi-2023-12-18-16_19_28-144x300.jpg 144w, https:\/\/www.oonakaronen.fi\/wp-content\/uploads\/2025\/02\/screencapture-vahantabikers-fi-2023-12-18-16_19_28.jpg 691w\" sizes=\"(max-width: 491px) 100vw, 491px\" \/>\t\t\t\t\t\t\t\t\t\t\t\t\t\t\t<\/div>\n\t\t\t\t<\/div>\n\t\t\t\t\t<\/div>\n\t\t\t\t<\/div>\n\t\t<div class=\"elementor-element elementor-element-c53a161 e-flex e-con-boxed e-con e-parent\" data-id=\"c53a161\" data-element_type=\"container\" data-e-type=\"container\">\n\t\t\t\t\t<div class=\"e-con-inner\">\n\t\t\t\t<div class=\"elementor-element elementor-element-40b3f73 elementor-widget elementor-widget-spacer\" data-id=\"40b3f73\" data-element_type=\"widget\" data-e-type=\"widget\" data-widget_type=\"spacer.default\">\n\t\t\t\t<div class=\"elementor-widget-container\">\n\t\t\t\t\t\t\t<div class=\"elementor-spacer\">\n\t\t\t<div class=\"elementor-spacer-inner\"><\/div>\n\t\t<\/div>\n\t\t\t\t\t\t<\/div>\n\t\t\t\t<\/div>\n\t\t\t\t\t<\/div>\n\t\t\t\t<\/div>\n\t\t\t\t<\/div>\n\t\t","protected":false},"excerpt":{"rendered":"<p>Vahanta Bikersin verkkosivujen suunnittelu ja toteutus (2023) Ty\u00f6kalut: WordPress, Photoshop, Illustrator Asiakas: Vahanta Bikers MCC on Yl\u00f6j\u00e4rven Vahannan kyl\u00e4ss\u00e4 vuonna [&hellip;]<\/p>\n","protected":false},"author":1,"featured_media":0,"parent":0,"menu_order":0,"comment_status":"closed","ping_status":"closed","template":"","meta":{"_uag_custom_page_level_css":"","site-sidebar-layout":"no-sidebar","site-content-layout":"","ast-site-content-layout":"full-width-container","site-content-style":"default","site-sidebar-style":"default","ast-global-header-display":"","ast-banner-title-visibility":"","ast-main-header-display":"","ast-hfb-above-header-display":"","ast-hfb-below-header-display":"","ast-hfb-mobile-header-display":"","site-post-title":"disabled","ast-breadcrumbs-content":"","ast-featured-img":"disabled","footer-sml-layout":"","ast-disable-related-posts":"","theme-transparent-header-meta":"","adv-header-id-meta":"","stick-header-meta":"","header-above-stick-meta":"","header-main-stick-meta":"","header-below-stick-meta":"","astra-migrate-meta-layouts":"default","ast-page-background-enabled":"default","ast-page-background-meta":{"desktop":{"background-color":"var(--ast-global-color-5)","background-image":"","background-repeat":"repeat","background-position":"center center","background-size":"auto","background-attachment":"scroll","background-type":"","background-media":"","overlay-type":"","overlay-color":"","overlay-opacity":"","overlay-gradient":""},"tablet":{"background-color":"","background-image":"","background-repeat":"repeat","background-position":"center center","background-size":"auto","background-attachment":"scroll","background-type":"","background-media":"","overlay-type":"","overlay-color":"","overlay-opacity":"","overlay-gradient":""},"mobile":{"background-color":"","background-image":"","background-repeat":"repeat","background-position":"center center","background-size":"auto","background-attachment":"scroll","background-type":"","background-media":"","overlay-type":"","overlay-color":"","overlay-opacity":"","overlay-gradient":""}},"ast-content-background-meta":{"desktop":{"background-color":"var(--ast-global-color-4)","background-image":"","background-repeat":"repeat","background-position":"center center","background-size":"auto","background-attachment":"scroll","background-type":"","background-media":"","overlay-type":"","overlay-color":"","overlay-opacity":"","overlay-gradient":""},"tablet":{"background-color":"var(--ast-global-color-4)","background-image":"","background-repeat":"repeat","background-position":"center center","background-size":"auto","background-attachment":"scroll","background-type":"","background-media":"","overlay-type":"","overlay-color":"","overlay-opacity":"","overlay-gradient":""},"mobile":{"background-color":"var(--ast-global-color-4)","background-image":"","background-repeat":"repeat","background-position":"center center","background-size":"auto","background-attachment":"scroll","background-type":"","background-media":"","overlay-type":"","overlay-color":"","overlay-opacity":"","overlay-gradient":""}},"footnotes":""},"class_list":["post-1031","page","type-page","status-publish","hentry"],"uagb_featured_image_src":{"full":false,"thumbnail":false,"medium":false,"medium_large":false,"large":false,"1536x1536":false,"2048x2048":false},"uagb_author_info":{"display_name":"Oona","author_link":"https:\/\/www.oonakaronen.fi\/?author=1"},"uagb_comment_info":0,"uagb_excerpt":"Vahanta Bikersin verkkosivujen suunnittelu ja toteutus (2023) Ty\u00f6kalut: WordPress, Photoshop, Illustrator Asiakas: Vahanta Bikers MCC on Yl\u00f6j\u00e4rven Vahannan kyl\u00e4ss\u00e4 vuonna [&hellip;]","_links":{"self":[{"href":"https:\/\/www.oonakaronen.fi\/index.php?rest_route=\/wp\/v2\/pages\/1031","targetHints":{"allow":["GET"]}}],"collection":[{"href":"https:\/\/www.oonakaronen.fi\/index.php?rest_route=\/wp\/v2\/pages"}],"about":[{"href":"https:\/\/www.oonakaronen.fi\/index.php?rest_route=\/wp\/v2\/types\/page"}],"author":[{"embeddable":true,"href":"https:\/\/www.oonakaronen.fi\/index.php?rest_route=\/wp\/v2\/users\/1"}],"replies":[{"embeddable":true,"href":"https:\/\/www.oonakaronen.fi\/index.php?rest_route=%2Fwp%2Fv2%2Fcomments&post=1031"}],"version-history":[{"count":34,"href":"https:\/\/www.oonakaronen.fi\/index.php?rest_route=\/wp\/v2\/pages\/1031\/revisions"}],"predecessor-version":[{"id":1264,"href":"https:\/\/www.oonakaronen.fi\/index.php?rest_route=\/wp\/v2\/pages\/1031\/revisions\/1264"}],"wp:attachment":[{"href":"https:\/\/www.oonakaronen.fi\/index.php?rest_route=%2Fwp%2Fv2%2Fmedia&parent=1031"}],"curies":[{"name":"wp","href":"https:\/\/api.w.org\/{rel}","templated":true}]}}